{"id":31,"date":"2022-03-08T17:25:48","date_gmt":"2022-03-08T16:25:48","guid":{"rendered":"https:\/\/www.pronto.hn\/?page_id=31"},"modified":"2022-03-18T15:23:39","modified_gmt":"2022-03-18T21:23:39","slug":"nosotros","status":"publish","type":"page","link":"https:\/\/www.pronto.hn\/?page_id=31","title":{"rendered":"Nosotros"},"content":{"rendered":"\t\t<div data-elementor-type=\"wp-page\" data-elementor-id=\"31\" class=\"elementor elementor-31\" data-elementor-settings=\"[]\">\n\t\t\t\t\t\t\t<div class=\"elementor-section-wrap\">\n\t\t\t\t\t\t\t<section class=\"elementor-section elementor-top-section elementor-element elementor-element-29d42f67 elementor-section-boxed elementor-section-height-default elementor-section-height-default\" data-id=\"29d42f67\" data-element_type=\"section\">\n\t\t\t\t\t\t<div class=\"elementor-container elementor-column-gap-default\">\n\t\t\t\t\t<div class=\"elementor-column elementor-col-100 elementor-top-column elementor-element elementor-element-1951c2f9\" data-id=\"1951c2f9\" data-element_type=\"column\">\n\t\t\t<div class=\"elementor-widget-wrap elementor-element-populated\">\n\t\t\t\t\t\t\t\t<div class=\"elementor-element elementor-element-6e9a8240 elementor-widget elementor-widget-text-editor\" data-id=\"6e9a8240\" data-element_type=\"widget\" data-widget_type=\"text-editor.default\">\n\t\t\t\t<div class=\"elementor-widget-container\">\n\t\t\t<style>\/*! elementor - v3.5.6 - 28-02-2022 *\/\n.elementor-widget-text-editor.elementor-drop-cap-view-stacked .elementor-drop-cap{background-color:#818a91;color:#fff}.elementor-widget-text-editor.elementor-drop-cap-view-framed .elementor-drop-cap{color:#818a91;border:3px solid;background-color:transparent}.elementor-widget-text-editor:not(.elementor-drop-cap-view-default) .elementor-drop-cap{margin-top:8px}.elementor-widget-text-editor:not(.elementor-drop-cap-view-default) .elementor-drop-cap-letter{width:1em;height:1em}.elementor-widget-text-editor .elementor-drop-cap{float:left;text-align:center;line-height:1;font-size:50px}.elementor-widget-text-editor .elementor-drop-cap-letter{display:inline-block}<\/style>\t\t\t\t<!-- wp:paragraph {\"align\":\"left\"} -->\n<h4 style=\"text-align: center;\"><span style=\"color: #ff6600;\"><mark class=\"has-inline-color has-luminous-vivid-orange-color\" style=\"background-color: rgba(0, 0, 0, 0);\"><strong>\u00a0 Rese\u00f1a Hist\u00f3rica\u00a0<\/strong><\/mark><\/span><\/h4>\n<p>\u00a0<\/p>\n<p class=\"has-text-align-left\" style=\"text-align: left;\"><mark class=\"has-inline-color has-luminous-vivid-orange-color\" style=\"background-color: rgba(0, 0, 0, 0);\">PRONTO\u00a0<\/mark>es nuestro nombre comercial, siendo\u00a0Inversiones Apolo, S.A. de C.V. el nombre de nuestra sociedad mercantil, fundada en el a\u00f1o 2003, \u00a0es una empresa Hondure\u00f1a que se forma con la visi\u00f3n de proveer una soluci\u00f3n de comunicaci\u00f3n accesible, confiable, de calidad y con precios competitivos, para empresas y personas individuales. Actualmente\u00a0ofrecemos servicios en San Pedro Sula, El Progreso, Choloma, Villanueva, Tegucigalpa, y pronto en otras Ciudades del pa\u00eds.<\/p>\n<!-- \/wp:paragraph --><!-- wp:paragraph {\"align\":\"left\"} --><!-- \/wp:paragraph --><!-- wp:paragraph {\"align\":\"left\"} --><!-- \/wp:paragraph --><!-- wp:paragraph -->\n<p style=\"text-align: center;\">\u00a0<\/p>\n<p>\u00a0<\/p>\n<!-- \/wp:paragraph --><!-- wp:paragraph {\"align\":\"center\",\"fontSize\":\"medium\"} -->\n<p class=\"has-text-align-center has-medium-font-size\" style=\"text-align: center;\"><mark class=\"has-inline-color has-luminous-vivid-orange-color\" style=\"background-color: rgba(0, 0, 0, 0);\"> <strong>Misi\u00f3n<\/strong><\/mark><\/p>\n<p>\u00a0<\/p>\n<!-- \/wp:paragraph --><!-- wp:paragraph -->\n<p style=\"text-align: left;\">Contribuir el bienestar de la sociedad Hondure\u00f1a mediante la provisi\u00f3n, eficiente y oportuna, de servicios de telecomunicaciones, aprecios y calidad competitivos, cumpliendo con las pol\u00edticas sectoriales establecidas por el estado de Honduras.<\/p>\n<p>\u00a0<\/p>\n<!-- \/wp:paragraph --><!-- wp:paragraph {\"align\":\"center\",\"fontSize\":\"medium\"} -->\n<p class=\"has-text-align-center has-medium-font-size\" style=\"text-align: center;\"><strong> <mark class=\"has-inline-color has-luminous-vivid-orange-color\" style=\"background-color: rgba(0, 0, 0, 0);\">Visi\u00f3n<\/mark><\/strong><\/p>\n<p>\u00a0<\/p>\n<!-- \/wp:paragraph --><!-- wp:paragraph -->\n<p style=\"text-align: left;\">Ser una Empresa de Telecomunicaciones, socialmente responsable, l\u00edder en la provisi\u00f3n del servicio universal y generadora de valor para sus clientes, empleados y a la sociedad en general.<\/p>\n<!-- \/wp:paragraph --><!-- wp:paragraph -->\n<p style=\"text-align: center;\">\u00a0<\/p>\n<!-- \/wp:paragraph -->\t\t\t\t\t\t<\/div>\n\t\t\t\t<\/div>\n\t\t\t\t\t<\/div>\n\t\t<\/div>\n\t\t\t\t\t\t\t<\/div>\n\t\t<\/section>\n\t\t\t\t\t\t<\/div>\n\t\t\t\t\t<\/div>\n\t\t","protected":false},"excerpt":{"rendered":"<p>\u00a0 Rese\u00f1a Hist\u00f3rica\u00a0 \u00a0 PRONTO\u00a0es nuestro nombre comercial, siendo\u00a0Inversiones Apolo, S.A. de C.V. el nombre de nuestra sociedad mercantil, fundada en el a\u00f1o 2003, \u00a0es una empresa Hondure\u00f1a que se forma con la visi\u00f3n de proveer una soluci\u00f3n de comunicaci\u00f3n accesible, confiable, de calidad y con precios competitivos, para empresas y personas individuales. Actualmente\u00a0ofrecemos servicios [&hellip;]<\/p>\n","protected":false},"author":1,"featured_media":0,"parent":0,"menu_order":0,"comment_status":"closed","ping_status":"closed","template":"templates\/template_page-full-width.php","meta":{"_monsterinsights_skip_tracking":false,"_monsterinsights_sitenote_active":false,"_monsterinsights_sitenote_note":"","_monsterinsights_sitenote_category":0,"footnotes":""},"class_list":["post-31","page","type-page","status-publish","hentry"],"_links":{"self":[{"href":"https:\/\/www.pronto.hn\/index.php?rest_route=\/wp\/v2\/pages\/31","targetHints":{"allow":["GET"]}}],"collection":[{"href":"https:\/\/www.pronto.hn\/index.php?rest_route=\/wp\/v2\/pages"}],"about":[{"href":"https:\/\/www.pronto.hn\/index.php?rest_route=\/wp\/v2\/types\/page"}],"author":[{"embeddable":true,"href":"https:\/\/www.pronto.hn\/index.php?rest_route=\/wp\/v2\/users\/1"}],"replies":[{"embeddable":true,"href":"https:\/\/www.pronto.hn\/index.php?rest_route=%2Fwp%2Fv2%2Fcomments&post=31"}],"version-history":[{"count":34,"href":"https:\/\/www.pronto.hn\/index.php?rest_route=\/wp\/v2\/pages\/31\/revisions"}],"predecessor-version":[{"id":787,"href":"https:\/\/www.pronto.hn\/index.php?rest_route=\/wp\/v2\/pages\/31\/revisions\/787"}],"wp:attachment":[{"href":"https:\/\/www.pronto.hn\/index.php?rest_route=%2Fwp%2Fv2%2Fmedia&parent=31"}],"curies":[{"name":"wp","href":"https:\/\/api.w.org\/{rel}","templated":true}]}}